{"id":510,"date":"2022-04-25T17:10:42","date_gmt":"2022-04-25T17:10:42","guid":{"rendered":"https:\/\/cunhambebe.org.br\/site\/?page_id=510"},"modified":"2022-04-29T18:40:13","modified_gmt":"2022-04-29T18:40:13","slug":"cunhambebe","status":"publish","type":"page","link":"https:\/\/cunhambebe.org.br\/site\/cunhambebe\/","title":{"rendered":"Cunhambebe"},"content":{"rendered":"\t\t<div data-elementor-type=\"wp-page\" data-elementor-id=\"510\" class=\"elementor elementor-510\">\n\t\t\t\t\t\t\t\t\t<section class=\"elementor-section elementor-top-section elementor-element elementor-element-4f89cbd elementor-section-full_width elementor-section-height-default elementor-section-height-default\" data-id=\"4f89cbd\" data-element_type=\"section\" data-settings=\"{&quot;background_background&quot;:&quot;classic&quot;}\">\n\t\t\t\t\t\t<div class=\"elementor-container elementor-column-gap-no\">\n\t\t\t\t\t<div class=\"elementor-column elementor-col-100 elementor-top-column elementor-element elementor-element-92555e2\" data-id=\"92555e2\" data-element_type=\"column\">\n\t\t\t<div class=\"elementor-widget-wrap elementor-element-populated\">\n\t\t\t\t\t\t\t\t<section class=\"elementor-section elementor-inner-section elementor-element elementor-element-f7e6325 elementor-section-boxed elementor-section-height-default elementor-section-height-default\" data-id=\"f7e6325\" data-element_type=\"section\">\n\t\t\t\t\t\t<div class=\"elementor-container elementor-column-gap-default\">\n\t\t\t\t\t<div class=\"elementor-column elementor-col-50 elementor-inner-column elementor-element elementor-element-6ce1be1\" data-id=\"6ce1be1\" data-element_type=\"column\">\n\t\t\t<div class=\"elementor-widget-wrap elementor-element-populated\">\n\t\t\t\t\t\t\t\t<div class=\"elementor-element elementor-element-a3f0e87 elementor-nav-menu__text-align-center elementor-hidden-desktop elementor-hidden-tablet elementor-nav-menu--toggle elementor-nav-menu--burger elementor-widget elementor-widget-nav-menu\" data-id=\"a3f0e87\" data-element_type=\"widget\" data-settings=\"{&quot;layout&quot;:&quot;dropdown&quot;,&quot;submenu_icon&quot;:{&quot;value&quot;:&quot;&lt;i class=\\&quot;fas fa-caret-down\\&quot;&gt;&lt;\\\/i&gt;&quot;,&quot;library&quot;:&quot;fa-solid&quot;},&quot;toggle&quot;:&quot;burger&quot;}\" data-widget_type=\"nav-menu.default\">\n\t\t\t\t<div class=\"elementor-widget-container\">\n\t\t\t<link rel=\"stylesheet\" href=\"https:\/\/cunhambebe.org.br\/site\/wp-content\/plugins\/elementor-pro\/assets\/css\/widget-nav-menu.min.css\">\t\t<div class=\"elementor-menu-toggle\" role=\"button\" tabindex=\"0\" aria-label=\"Menu Toggle\" aria-expanded=\"false\">\n\t\t\t<i aria-hidden=\"true\" role=\"presentation\" class=\"elementor-menu-toggle__icon--open eicon-menu-bar\"><\/i><i aria-hidden=\"true\" role=\"presentation\" class=\"elementor-menu-toggle__icon--close eicon-close\"><\/i>\t\t\t<span class=\"elementor-screen-only\">Menu<\/span>\n\t\t<\/div>\n\t\t\t<nav class=\"elementor-nav-menu--dropdown elementor-nav-menu__container\" role=\"navigation\" aria-hidden=\"true\">\n\t\t\t\t<ul id=\"menu-2-a3f0e87\" class=\"elementor-nav-menu\"><li class=\"menu-item menu-item-type-post_type menu-item-object-page menu-item-1083\"><a href=\"https:\/\/cunhambebe.org.br\/site\/projetos\/\" class=\"elementor-item\" tabindex=\"-1\">Projetos<\/a><\/li>\n<li class=\"menu-item menu-item-type-post_type menu-item-object-page menu-item-1631\"><a href=\"https:\/\/cunhambebe.org.br\/site\/datas\/\" class=\"elementor-item\" tabindex=\"-1\">Datas<\/a><\/li>\n<li class=\"menu-item menu-item-type-post_type menu-item-object-page menu-item-1568\"><a href=\"https:\/\/cunhambebe.org.br\/site\/webinar-2\/\" class=\"elementor-item\" tabindex=\"-1\">Webinar<\/a><\/li>\n<li class=\"menu-item menu-item-type-post_type menu-item-object-page menu-item-1081\"><a href=\"https:\/\/cunhambebe.org.br\/site\/gbf-2030\/\" class=\"elementor-item\" tabindex=\"-1\">WBio2022<\/a><\/li>\n<li class=\"menu-item menu-item-type-post_type menu-item-object-page menu-item-2019\"><a href=\"https:\/\/cunhambebe.org.br\/site\/galeria\/\" class=\"elementor-item\" tabindex=\"-1\">Galeria<\/a><\/li>\n<li class=\"menu-item menu-item-type-post_type menu-item-object-page menu-item-1883\"><a href=\"https:\/\/cunhambebe.org.br\/site\/imprensa\/\" class=\"elementor-item\" tabindex=\"-1\">Imprensa<\/a><\/li>\n<li class=\"menu-item menu-item-type-post_type menu-item-object-page menu-item-1079\"><a href=\"https:\/\/cunhambebe.org.br\/site\/time\/\" class=\"elementor-item\" tabindex=\"-1\">Time<\/a><\/li>\n<li class=\"menu-item menu-item-type-post_type menu-item-object-page menu-item-1078\"><a href=\"https:\/\/cunhambebe.org.br\/site\/publicacoes\/\" class=\"elementor-item\" tabindex=\"-1\">Publica\u00e7\u00f5es<\/a><\/li>\n<li class=\"menu-item menu-item-type-post_type menu-item-object-page menu-item-1082\"><a href=\"https:\/\/cunhambebe.org.br\/site\/atuacao\/\" class=\"elementor-item\" tabindex=\"-1\">Atua\u00e7\u00e3o<\/a><\/li>\n<li class=\"menu-item menu-item-type-post_type menu-item-object-page menu-item-1080\"><a href=\"https:\/\/cunhambebe.org.br\/site\/cunhambebe\/\" class=\"elementor-item\" tabindex=\"-1\">Cunhambebe<\/a><\/li>\n<li class=\"menu-item menu-item-type-post_type menu-item-object-page menu-item-2075\"><a href=\"https:\/\/cunhambebe.org.br\/site\/comunidades-tradicionais\/\" class=\"elementor-item\" tabindex=\"-1\">Comunidades tradicionais<\/a><\/li>\n<\/ul>\t\t\t<\/nav>\n\t\t\t\t<\/div>\n\t\t\t\t<\/div>\n\t\t\t\t<div class=\"elementor-element elementor-element-5d41552 elementor-widget elementor-widget-image\" data-id=\"5d41552\" data-element_type=\"widget\" data-widget_type=\"image.default\">\n\t\t\t\t<div class=\"elementor-widget-container\">\n\t\t\t<style>\/*! elementor - v3.6.1 - 23-03-2022 *\/\n.elementor-widget-image{text-align:center}.elementor-widget-image a{display:inline-block}.elementor-widget-image a img[src$=\".svg\"]{width:48px}.elementor-widget-image img{vertical-align:middle;display:inline-block}<\/style>\t\t\t\t\t\t\t\t\t\t\t\t\t<a href=\"https:\/\/cunhambebe.org.br\/\">\n\t\t\t\t\t\t\t<img width=\"150\" height=\"150\" src=\"https:\/\/cunhambebe.org.br\/site\/wp-content\/uploads\/2022\/04\/Logo400-150x150.png\" class=\"attachment-thumbnail size-thumbnail\" alt=\"\" srcset=\"https:\/\/cunhambebe.org.br\/site\/wp-content\/uploads\/2022\/04\/Logo400-150x150.png 150w, https:\/\/cunhambebe.org.br\/site\/wp-content\/uploads\/2022\/04\/Logo400-300x300.png 300w, https:\/\/cunhambebe.org.br\/site\/wp-content\/uploads\/2022\/04\/Logo400.png 400w\" sizes=\"(max-width: 150px) 100vw, 150px\" \/>\t\t\t\t\t\t\t\t<\/a>\n\t\t\t\t\t\t\t\t\t\t\t\t\t\t\t<\/div>\n\t\t\t\t<\/div>\n\t\t\t\t\t<\/div>\n\t\t<\/div>\n\t\t\t\t<div class=\"elementor-column elementor-col-50 elementor-inner-column elementor-element elementor-element-f51313e\" data-id=\"f51313e\" data-element_type=\"column\">\n\t\t\t<div class=\"elementor-widget-wrap elementor-element-populated\">\n\t\t\t\t\t\t\t\t<div class=\"elementor-element elementor-element-01ab0d5 elementor-nav-menu__align-center elementor-nav-menu__text-align-center elementor-hidden-tablet elementor-hidden-mobile elementor-nav-menu--dropdown-tablet elementor-widget elementor-widget-nav-menu\" data-id=\"01ab0d5\" data-element_type=\"widget\" data-settings=\"{&quot;layout&quot;:&quot;horizontal&quot;,&quot;submenu_icon&quot;:{&quot;value&quot;:&quot;&lt;i class=\\&quot;fas fa-caret-down\\&quot;&gt;&lt;\\\/i&gt;&quot;,&quot;library&quot;:&quot;fa-solid&quot;}}\" data-widget_type=\"nav-menu.default\">\n\t\t\t\t<div class=\"elementor-widget-container\">\n\t\t\t\t\t\t<nav migration_allowed=\"1\" migrated=\"0\" role=\"navigation\" class=\"elementor-nav-menu--main elementor-nav-menu__container elementor-nav-menu--layout-horizontal e--pointer-underline e--animation-fade\">\n\t\t\t\t<ul id=\"menu-1-01ab0d5\" class=\"elementor-nav-menu\"><li class=\"menu-item menu-item-type-post_type menu-item-object-page menu-item-1083\"><a href=\"https:\/\/cunhambebe.org.br\/site\/projetos\/\" class=\"elementor-item\">Projetos<\/a><\/li>\n<li class=\"menu-item menu-item-type-post_type menu-item-object-page menu-item-1631\"><a href=\"https:\/\/cunhambebe.org.br\/site\/datas\/\" class=\"elementor-item\">Datas<\/a><\/li>\n<li class=\"menu-item menu-item-type-post_type menu-item-object-page menu-item-1568\"><a href=\"https:\/\/cunhambebe.org.br\/site\/webinar-2\/\" class=\"elementor-item\">Webinar<\/a><\/li>\n<li class=\"menu-item menu-item-type-post_type menu-item-object-page menu-item-1081\"><a href=\"https:\/\/cunhambebe.org.br\/site\/gbf-2030\/\" class=\"elementor-item\">WBio2022<\/a><\/li>\n<li class=\"menu-item menu-item-type-post_type menu-item-object-page menu-item-2019\"><a href=\"https:\/\/cunhambebe.org.br\/site\/galeria\/\" class=\"elementor-item\">Galeria<\/a><\/li>\n<li class=\"menu-item menu-item-type-post_type menu-item-object-page menu-item-1883\"><a href=\"https:\/\/cunhambebe.org.br\/site\/imprensa\/\" class=\"elementor-item\">Imprensa<\/a><\/li>\n<li class=\"menu-item menu-item-type-post_type menu-item-object-page menu-item-1079\"><a href=\"https:\/\/cunhambebe.org.br\/site\/time\/\" class=\"elementor-item\">Time<\/a><\/li>\n<li class=\"menu-item menu-item-type-post_type menu-item-object-page menu-item-1078\"><a href=\"https:\/\/cunhambebe.org.br\/site\/publicacoes\/\" class=\"elementor-item\">Publica\u00e7\u00f5es<\/a><\/li>\n<li class=\"menu-item menu-item-type-post_type menu-item-object-page menu-item-1082\"><a href=\"https:\/\/cunhambebe.org.br\/site\/atuacao\/\" class=\"elementor-item\">Atua\u00e7\u00e3o<\/a><\/li>\n<li class=\"menu-item menu-item-type-post_type menu-item-object-page menu-item-1080\"><a href=\"https:\/\/cunhambebe.org.br\/site\/cunhambebe\/\" class=\"elementor-item\">Cunhambebe<\/a><\/li>\n<li class=\"menu-item menu-item-type-post_type menu-item-object-page menu-item-2075\"><a href=\"https:\/\/cunhambebe.org.br\/site\/comunidades-tradicionais\/\" class=\"elementor-item\">Comunidades tradicionais<\/a><\/li>\n<\/ul>\t\t\t<\/nav>\n\t\t\t\t\t<div class=\"elementor-menu-toggle\" role=\"button\" tabindex=\"0\" aria-label=\"Menu Toggle\" aria-expanded=\"false\">\n\t\t\t<i aria-hidden=\"true\" role=\"presentation\" class=\"elementor-menu-toggle__icon--open eicon-menu-bar\"><\/i><i aria-hidden=\"true\" role=\"presentation\" class=\"elementor-menu-toggle__icon--close eicon-close\"><\/i>\t\t\t<span class=\"elementor-screen-only\">Menu<\/span>\n\t\t<\/div>\n\t\t\t<nav class=\"elementor-nav-menu--dropdown elementor-nav-menu__container\" role=\"navigation\" aria-hidden=\"true\">\n\t\t\t\t<ul id=\"menu-2-01ab0d5\" class=\"elementor-nav-menu\"><li class=\"menu-item menu-item-type-post_type menu-item-object-page menu-item-1083\"><a href=\"https:\/\/cunhambebe.org.br\/site\/projetos\/\" class=\"elementor-item\" tabindex=\"-1\">Projetos<\/a><\/li>\n<li class=\"menu-item menu-item-type-post_type menu-item-object-page menu-item-1631\"><a href=\"https:\/\/cunhambebe.org.br\/site\/datas\/\" class=\"elementor-item\" tabindex=\"-1\">Datas<\/a><\/li>\n<li class=\"menu-item menu-item-type-post_type menu-item-object-page menu-item-1568\"><a href=\"https:\/\/cunhambebe.org.br\/site\/webinar-2\/\" class=\"elementor-item\" tabindex=\"-1\">Webinar<\/a><\/li>\n<li class=\"menu-item menu-item-type-post_type menu-item-object-page menu-item-1081\"><a href=\"https:\/\/cunhambebe.org.br\/site\/gbf-2030\/\" class=\"elementor-item\" tabindex=\"-1\">WBio2022<\/a><\/li>\n<li class=\"menu-item menu-item-type-post_type menu-item-object-page menu-item-2019\"><a href=\"https:\/\/cunhambebe.org.br\/site\/galeria\/\" class=\"elementor-item\" tabindex=\"-1\">Galeria<\/a><\/li>\n<li class=\"menu-item menu-item-type-post_type menu-item-object-page menu-item-1883\"><a href=\"https:\/\/cunhambebe.org.br\/site\/imprensa\/\" class=\"elementor-item\" tabindex=\"-1\">Imprensa<\/a><\/li>\n<li class=\"menu-item menu-item-type-post_type menu-item-object-page menu-item-1079\"><a href=\"https:\/\/cunhambebe.org.br\/site\/time\/\" class=\"elementor-item\" tabindex=\"-1\">Time<\/a><\/li>\n<li class=\"menu-item menu-item-type-post_type menu-item-object-page menu-item-1078\"><a href=\"https:\/\/cunhambebe.org.br\/site\/publicacoes\/\" class=\"elementor-item\" tabindex=\"-1\">Publica\u00e7\u00f5es<\/a><\/li>\n<li class=\"menu-item menu-item-type-post_type menu-item-object-page menu-item-1082\"><a href=\"https:\/\/cunhambebe.org.br\/site\/atuacao\/\" class=\"elementor-item\" tabindex=\"-1\">Atua\u00e7\u00e3o<\/a><\/li>\n<li class=\"menu-item menu-item-type-post_type menu-item-object-page menu-item-1080\"><a href=\"https:\/\/cunhambebe.org.br\/site\/cunhambebe\/\" class=\"elementor-item\" tabindex=\"-1\">Cunhambebe<\/a><\/li>\n<li class=\"menu-item menu-item-type-post_type menu-item-object-page menu-item-2075\"><a href=\"https:\/\/cunhambebe.org.br\/site\/comunidades-tradicionais\/\" class=\"elementor-item\" tabindex=\"-1\">Comunidades tradicionais<\/a><\/li>\n<\/ul>\t\t\t<\/nav>\n\t\t\t\t<\/div>\n\t\t\t\t<\/div>\n\t\t\t\t\t<\/div>\n\t\t<\/div>\n\t\t\t\t\t\t\t<\/div>\n\t\t<\/section>\n\t\t\t\t\t<\/div>\n\t\t<\/div>\n\t\t\t\t\t\t\t<\/div>\n\t\t<\/section>\n\t\t\t\t<section class=\"elementor-section elementor-top-section elementor-element elementor-element-1c37accb elementor-section-full_width elementor-section-height-default elementor-section-height-default\" data-id=\"1c37accb\" data-element_type=\"section\" data-settings=\"{&quot;background_background&quot;:&quot;classic&quot;}\">\n\t\t\t\t\t\t<div class=\"elementor-container elementor-column-gap-no\">\n\t\t\t\t\t<div class=\"elementor-column elementor-col-100 elementor-top-column elementor-element elementor-element-66d21b0d\" data-id=\"66d21b0d\" data-element_type=\"column\">\n\t\t\t<div class=\"elementor-widget-wrap elementor-element-populated\">\n\t\t\t\t\t\t\t\t<div class=\"elementor-element elementor-element-2cde67a5 elementor-widget elementor-widget-image\" data-id=\"2cde67a5\" data-element_type=\"widget\" data-widget_type=\"image.default\">\n\t\t\t\t<div class=\"elementor-widget-container\">\n\t\t\t\t\t\t\t\t\t\t\t\t\t\t\t<img width=\"607\" height=\"635\" src=\"https:\/\/cunhambebe.org.br\/site\/wp-content\/uploads\/2022\/04\/cunhambebe.jpg\" class=\"attachment-large size-large\" alt=\"Estatua em Homenagem a Cunhambebe, grande chefe da na\u00e7\u00e3o Tupinamb\u00e1\" srcset=\"https:\/\/cunhambebe.org.br\/site\/wp-content\/uploads\/2022\/04\/cunhambebe.jpg 607w, https:\/\/cunhambebe.org.br\/site\/wp-content\/uploads\/2022\/04\/cunhambebe-287x300.jpg 287w\" sizes=\"(max-width: 607px) 100vw, 607px\" \/>\t\t\t\t\t\t\t\t\t\t\t\t\t\t\t<\/div>\n\t\t\t\t<\/div>\n\t\t\t\t<div class=\"elementor-element elementor-element-5b10922 elementor-widget elementor-widget-text-editor\" data-id=\"5b10922\" data-element_type=\"widget\" data-widget_type=\"text-editor.default\">\n\t\t\t\t<div class=\"elementor-widget-container\">\n\t\t\t<style>\/*! elementor - v3.6.1 - 23-03-2022 *\/\n.elementor-widget-text-editor.elementor-drop-cap-view-stacked .elementor-drop-cap{background-color:#818a91;color:#fff}.elementor-widget-text-editor.elementor-drop-cap-view-framed .elementor-drop-cap{color:#818a91;border:3px solid;background-color:transparent}.elementor-widget-text-editor:not(.elementor-drop-cap-view-default) .elementor-drop-cap{margin-top:8px}.elementor-widget-text-editor:not(.elementor-drop-cap-view-default) .elementor-drop-cap-letter{width:1em;height:1em}.elementor-widget-text-editor .elementor-drop-cap{float:left;text-align:center;line-height:1;font-size:50px}.elementor-widget-text-editor .elementor-drop-cap-letter{display:inline-block}<\/style>\t\t\t\t<p>Estatua em Homenagem a Cunhambebe, grande chefe da na\u00e7\u00e3o Tupinamb\u00e1 &#8211; Ubatuba -SP<\/p>\t\t\t\t\t\t<\/div>\n\t\t\t\t<\/div>\n\t\t\t\t<div class=\"elementor-element elementor-element-7ebc237 elementor-widget elementor-widget-text-editor\" data-id=\"7ebc237\" data-element_type=\"widget\" data-widget_type=\"text-editor.default\">\n\t\t\t\t<div class=\"elementor-widget-container\">\n\t\t\t\t\t\t\t<p>Foto: https:\/\/ubatubense.blogspot.com\/2016\/09\/cunhambebe-pai-e-filho-tupinamba.html<\/p>\t\t\t\t\t\t<\/div>\n\t\t\t\t<\/div>\n\t\t\t\t<div class=\"elementor-element elementor-element-f29a3e1 elementor-widget elementor-widget-text-editor\" data-id=\"f29a3e1\" data-element_type=\"widget\" data-widget_type=\"text-editor.default\">\n\t\t\t\t<div class=\"elementor-widget-container\">\n\t\t\t\t\t\t\t<p><span style=\"color: var( --e-global-color-text ); font-family: var( --e-global-typography-text-font-family ), Sans-serif; font-weight: var( --e-global-typography-text-font-weight ); font-size: 1rem;\">O nome \u201cAssocia\u00e7\u00e3o Cunhambebe\u201d \u00e9 uma homenagem ao guerreiro Cunhambebe, que<\/span><em style=\"color: var( --e-global-color-text ); font-family: var( --e-global-typography-text-font-family ), Sans-serif; font-weight: var( --e-global-typography-text-font-weight ); font-size: 1rem;\">&nbsp;<\/em><span style=\"color: var( --e-global-color-text ); font-family: var( --e-global-typography-text-font-family ), Sans-serif; font-weight: var( --e-global-typography-text-font-weight ); font-size: 1rem;\">foi um famoso chefe&nbsp;<\/span><a href=\"https:\/\/pt.wikipedia.org\/wiki\/Ind%C3%ADgena\" style=\"font-family: var( --e-global-typography-text-font-family ), Sans-serif; font-weight: var( --e-global-typography-text-font-weight ); background-color: rgb(255, 255, 255); font-size: 1rem;\">ind\u00edgena<\/a><span style=\"color: var( --e-global-color-text ); font-family: var( --e-global-typography-text-font-family ), Sans-serif; font-weight: var( --e-global-typography-text-font-weight ); font-size: 1rem;\">&nbsp;<\/span><a href=\"https:\/\/pt.wikipedia.org\/wiki\/Tupinamb%C3%A1\" style=\"font-family: var( --e-global-typography-text-font-family ), Sans-serif; font-weight: var( --e-global-typography-text-font-weight ); background-color: rgb(255, 255, 255); font-size: 1rem;\">tupinamb\u00e1<\/a><span style=\"color: var( --e-global-color-text ); font-family: var( --e-global-typography-text-font-family ), Sans-serif; font-weight: var( --e-global-typography-text-font-weight ); font-size: 1rem;\">&nbsp;brasileiro.<\/span><br><\/p>\n<p>No s\u00e9culo XVI, a na\u00e7\u00e3o ind\u00edgena tupinamb\u00e1 se dividia em tribos, localizadas na faixa territorial que ia desde o rio Juqueriquer\u00ea, em Caraguatatuba, no estado de S\u00e3o Paulo, at\u00e9 o cabo de S\u00e3o Tom\u00e9, no estado do Rio de Janeiro, adentrando ainda pelo interior do Vale do Para\u00edba, entre os estados do Rio e S\u00e3o Paulo. Cunhambebe, nascido em Angra dos Reis, era o chefe dessa na\u00e7\u00e3o. Dotado de grande for\u00e7a f\u00edsica e destemido, era ele quem liderava todas as aldeias desse territ\u00f3rio.<\/p>\n<p>A presen\u00e7a portuguesa no Brasil, considerada ofensiva pelos valentes caciques e, sobretudo, por Cunhambebe, por causa da a\u00e7\u00e3o violenta contra os tupinamb\u00e1s, separando as fam\u00edlias e causando mortes e escravid\u00e3o entre os ind\u00edgenas, foi o principal motivo para que os tupinamb\u00e1s criassem a chamada Confedera\u00e7\u00e3o dos Tamoios, a qual possu\u00eda invej\u00e1vel poderio de guerra. A tradi\u00e7\u00e3o reza que Cunhambebe era o mais tem\u00edvel entre todos os tamoios, considerado o terror dos portugueses. Cunhambebe n\u00e3o temia a artilharia e era o primeiro a sacrificar-se nas ocasi\u00f5es de perigo, al\u00e9m de ser considerado implac\u00e1vel com os inimigos.<\/p>\n<p>Para garantir sua liberdade, os \u00edndios se associaram aos franceses, os quais haviam fundado na ba\u00eda de Guanabara uma col\u00f4nia antes mesmo da funda\u00e7\u00e3o do Rio de Janeiro. Essa col\u00f4nia, batizada de Fran\u00e7a Ant\u00e1rtica, amea\u00e7ava a hegemonia e integridade do empreendimento portugu\u00eas e serviria de ref\u00fagio para os protestantes fugidos das guerras de religi\u00e3o na Europa.<\/p>\n<p>\u00c9 citado na obra do religioso&nbsp;<a href=\"https:\/\/pt.wikipedia.org\/wiki\/Fran%C3%A7a\">franc\u00eas<\/a>&nbsp;<a href=\"https:\/\/pt.wikipedia.org\/wiki\/Andr%C3%A9_Th%C3%A9vet\">Andr\u00e9 Th\u00e9vet<\/a>&nbsp;&#8220;<a href=\"https:\/\/pt.wikipedia.org\/wiki\/Les_singularitez_de_la_France_Antarctique\">Les singularitez de la France Antarctique<\/a>&#8221; e na obra do aventureiro alem\u00e3o&nbsp;<a href=\"https:\/\/pt.wikipedia.org\/wiki\/Hans_Staden\">Hans Staden<\/a>&nbsp;&#8220;<a href=\"https:\/\/pt.wikipedia.org\/wiki\/Duas_Viagens_ao_Brasil\">Hist\u00f3ria Verdadeira&#8230;<\/a>&#8220;.<\/p>\n<p>A hist\u00f3ria, de maneira geral, apresenta Cunhambebe genericamente como uma \u00fanica pessoa. Contudo, segundo Capistrano de Abreu, um dos primeiros grandes historiadores do Brasil, havia mais de um Cunhambebe, pai e filho.<\/p>\n<p>O filho de Cunhambebe, tamb\u00e9m com o mesmo nome, n\u00e3o herdou as qualidades guerreiras do pai. Foi mais conciliador, embora tenha colaborado com a Confedera\u00e7\u00e3o. Foi este quem conduziu o padre Anchieta de Iperoig a S\u00e3o Vicente ap\u00f3s a paz acertada entre portugueses e tamoios, logo depois quebrada pelos brancos.<\/p>\n<p>O padre&nbsp;<a href=\"https:\/\/pt.wikipedia.org\/wiki\/Jos%C3%A9_de_Anchieta\">Jos\u00e9 de Anchieta<\/a>&nbsp;teria encontrado o Cunhambebe (filho), em Yperoig (atual cidade de&nbsp;<a href=\"https:\/\/pt.wikipedia.org\/wiki\/Ubatuba\">Ubatuba<\/a>) para as negocia\u00e7\u00f5es que deram origem ao&nbsp;<a href=\"https:\/\/pt.wikipedia.org\/wiki\/Armist%C3%ADcio_de_Iperoig\">Armist\u00edcio de Yperoig<\/a>&nbsp;\u2014 o primeiro tratado de paz conhecido no continente americano, colocando fim \u00e0 chamada&nbsp;<a href=\"https:\/\/pt.wikipedia.org\/wiki\/Confedera%C3%A7%C3%A3o_dos_Tamoios\">Confedera\u00e7\u00e3o dos Tamoios<\/a>, que amea\u00e7ava&nbsp;<a href=\"https:\/\/pt.wikipedia.org\/wiki\/S%C3%A3o_Vicente_(S%C3%A3o_Paulo)\">S\u00e3o Vicente<\/a>&nbsp;e a supremacia portuguesa no sul do Brasil.<\/p>\n<p>Pacificados os ind\u00edgenas das proximidades de S\u00e3o Vicente, os portugueses atacaram os franceses que estavam instalados na Ba\u00eda de Guanabara, dizimando as tribos tupinamb\u00e1s que ali residiam.<\/p>\n<p>O fato se repetiu no Cabo Frio, tendo sobrevivido os Tupinamb\u00e1s de&nbsp;<a href=\"https:\/\/pt.wikipedia.org\/wiki\/Ubatuba\">Ubatuba<\/a>, que, fugindo para o sert\u00e3o ou misturando-se aos colonos em Ubatuba, deram origem aos atuais&nbsp;<a href=\"https:\/\/pt.wikipedia.org\/wiki\/Cai%C3%A7ara\">cai\u00e7aras<\/a>, na regi\u00e3o do Litoral Norte de&nbsp;<a href=\"https:\/\/pt.wikipedia.org\/wiki\/S%C3%A3o_Paulo_(estado)\">S\u00e3o Paulo<\/a>.<\/p>\n<p>&nbsp;<\/p>\t\t\t\t\t\t<\/div>\n\t\t\t\t<\/div>\n\t\t\t\t\t<\/div>\n\t\t<\/div>\n\t\t\t\t\t\t\t<\/div>\n\t\t<\/section>\n\t\t\t\t<section class=\"elementor-section elementor-top-section elementor-element elementor-element-f5980a7 elementor-section-boxed elementor-section-height-default elementor-section-height-default\" data-id=\"f5980a7\" data-element_type=\"section\" data-settings=\"{&quot;background_background&quot;:&quot;classic&quot;}\">\n\t\t\t\t\t\t<div class=\"elementor-container elementor-column-gap-default\">\n\t\t\t\t\t<div class=\"elementor-column elementor-col-100 elementor-top-column elementor-element elementor-element-dc9dc72\" data-id=\"dc9dc72\" data-element_type=\"column\">\n\t\t\t<div class=\"elementor-widget-wrap elementor-element-populated\">\n\t\t\t\t\t\t\t\t<div class=\"elementor-element elementor-element-6535009 elementor-widget elementor-widget-text-editor\" data-id=\"6535009\" data-element_type=\"widget\" data-widget_type=\"text-editor.default\">\n\t\t\t\t<div class=\"elementor-widget-container\">\n\t\t\t\t\t\t\t<p>Todos os direitos reservados ACIA &#8211; CNPJ 01.697.996\/0001-07<\/p>\t\t\t\t\t\t<\/div>\n\t\t\t\t<\/div>\n\t\t\t\t\t<\/div>\n\t\t<\/div>\n\t\t\t\t\t\t\t<\/div>\n\t\t<\/section>\n\t\t\t\t\t\t\t<\/div>\n\t\t","protected":false},"excerpt":{"rendered":"<p>Estatua em Homenagem a Cunhambebe, grande chefe da na\u00e7\u00e3o Tupinamb\u00e1 &#8211; Ubatuba -SP Foto: https:\/\/ubatubense.blogspot.com\/2016\/09\/cunhambebe-pai-e-filho-tupinamba.html O nome \u201cAssocia\u00e7\u00e3o Cunhambebe\u201d \u00e9 uma homenagem ao guerreiro Cunhambebe, que&nbsp;foi um famoso chefe&nbsp;ind\u00edgena&nbsp;tupinamb\u00e1&nbsp;brasileiro. No s\u00e9culo XVI, a na\u00e7\u00e3o ind\u00edgena tupinamb\u00e1 se dividia em tribos, localizadas na faixa territorial que ia desde o rio Juqueriquer\u00ea, em Caraguatatuba, no estado de [&hellip;]<\/p>\n","protected":false},"author":1,"featured_media":0,"parent":0,"menu_order":0,"comment_status":"closed","ping_status":"closed","template":"elementor_canvas","meta":[],"_links":{"self":[{"href":"https:\/\/cunhambebe.org.br\/site\/wp-json\/wp\/v2\/pages\/510"}],"collection":[{"href":"https:\/\/cunhambebe.org.br\/site\/wp-json\/wp\/v2\/pages"}],"about":[{"href":"https:\/\/cunhambebe.org.br\/site\/wp-json\/wp\/v2\/types\/page"}],"author":[{"embeddable":true,"href":"https:\/\/cunhambebe.org.br\/site\/wp-json\/wp\/v2\/users\/1"}],"replies":[{"embeddable":true,"href":"https:\/\/cunhambebe.org.br\/site\/wp-json\/wp\/v2\/comments?post=510"}],"version-history":[{"count":35,"href":"https:\/\/cunhambebe.org.br\/site\/wp-json\/wp\/v2\/pages\/510\/revisions"}],"predecessor-version":[{"id":1186,"href":"https:\/\/cunhambebe.org.br\/site\/wp-json\/wp\/v2\/pages\/510\/revisions\/1186"}],"wp:attachment":[{"href":"https:\/\/cunhambebe.org.br\/site\/wp-json\/wp\/v2\/media?parent=510"}],"curies":[{"name":"wp","href":"https:\/\/api.w.org\/{rel}","templated":true}]}}