{"id":2066,"date":"2022-07-07T17:58:36","date_gmt":"2022-07-07T17:58:36","guid":{"rendered":"https:\/\/cunhambebe.org.br\/site\/?page_id=2066"},"modified":"2022-07-07T20:14:54","modified_gmt":"2022-07-07T20:14:54","slug":"comunidades-tradicionais","status":"publish","type":"page","link":"https:\/\/cunhambebe.org.br\/site\/comunidades-tradicionais\/","title":{"rendered":"Comunidades tradicionais"},"content":{"rendered":"\t\t<div data-elementor-type=\"wp-page\" data-elementor-id=\"2066\" class=\"elementor elementor-2066\">\n\t\t\t\t\t\t\t\t\t<section class=\"elementor-section elementor-top-section elementor-element elementor-element-372a0bb2 elementor-section-full_width elementor-section-height-default elementor-section-height-default\" data-id=\"372a0bb2\" data-element_type=\"section\" data-settings=\"{&quot;background_background&quot;:&quot;classic&quot;}\">\n\t\t\t\t\t\t<div class=\"elementor-container elementor-column-gap-no\">\n\t\t\t\t\t<div class=\"elementor-column elementor-col-100 elementor-top-column elementor-element elementor-element-1909ec5\" data-id=\"1909ec5\" data-element_type=\"column\">\n\t\t\t<div class=\"elementor-widget-wrap elementor-element-populated\">\n\t\t\t\t\t\t\t\t<section class=\"elementor-section elementor-inner-section elementor-element elementor-element-59824b38 elementor-section-boxed elementor-section-height-default elementor-section-height-default\" data-id=\"59824b38\" data-element_type=\"section\">\n\t\t\t\t\t\t<div class=\"elementor-container elementor-column-gap-default\">\n\t\t\t\t\t<div class=\"elementor-column elementor-col-50 elementor-inner-column elementor-element elementor-element-7e4a1816\" data-id=\"7e4a1816\" data-element_type=\"column\">\n\t\t\t<div class=\"elementor-widget-wrap elementor-element-populated\">\n\t\t\t\t\t\t\t\t<div class=\"elementor-element elementor-element-1efe09 elementor-nav-menu__text-align-center elementor-hidden-desktop elementor-hidden-tablet elementor-nav-menu--toggle elementor-nav-menu--burger elementor-widget elementor-widget-nav-menu\" data-id=\"1efe09\" data-element_type=\"widget\" data-settings=\"{&quot;layout&quot;:&quot;dropdown&quot;,&quot;submenu_icon&quot;:{&quot;value&quot;:&quot;&lt;i class=\\&quot;fas fa-caret-down\\&quot;&gt;&lt;\\\/i&gt;&quot;,&quot;library&quot;:&quot;fa-solid&quot;},&quot;toggle&quot;:&quot;burger&quot;}\" data-widget_type=\"nav-menu.default\">\n\t\t\t\t<div class=\"elementor-widget-container\">\n\t\t\t<link rel=\"stylesheet\" href=\"https:\/\/cunhambebe.org.br\/site\/wp-content\/plugins\/elementor-pro\/assets\/css\/widget-nav-menu.min.css\">\t\t<div class=\"elementor-menu-toggle\" role=\"button\" tabindex=\"0\" aria-label=\"Menu Toggle\" aria-expanded=\"false\">\n\t\t\t<i aria-hidden=\"true\" role=\"presentation\" class=\"elementor-menu-toggle__icon--open eicon-menu-bar\"><\/i><i aria-hidden=\"true\" role=\"presentation\" class=\"elementor-menu-toggle__icon--close eicon-close\"><\/i>\t\t\t<span class=\"elementor-screen-only\">Menu<\/span>\n\t\t<\/div>\n\t\t\t<nav class=\"elementor-nav-menu--dropdown elementor-nav-menu__container\" role=\"navigation\" aria-hidden=\"true\">\n\t\t\t\t<ul id=\"menu-2-1efe09\" class=\"elementor-nav-menu\"><li class=\"menu-item menu-item-type-post_type menu-item-object-page menu-item-1083\"><a href=\"https:\/\/cunhambebe.org.br\/site\/projetos\/\" class=\"elementor-item\" tabindex=\"-1\">Projetos<\/a><\/li>\n<li class=\"menu-item menu-item-type-post_type menu-item-object-page menu-item-1631\"><a href=\"https:\/\/cunhambebe.org.br\/site\/datas\/\" class=\"elementor-item\" tabindex=\"-1\">Datas<\/a><\/li>\n<li class=\"menu-item menu-item-type-post_type menu-item-object-page menu-item-1568\"><a href=\"https:\/\/cunhambebe.org.br\/site\/webinar-2\/\" class=\"elementor-item\" tabindex=\"-1\">Webinar<\/a><\/li>\n<li class=\"menu-item menu-item-type-post_type menu-item-object-page menu-item-1081\"><a href=\"https:\/\/cunhambebe.org.br\/site\/gbf-2030\/\" class=\"elementor-item\" tabindex=\"-1\">WBio2022<\/a><\/li>\n<li class=\"menu-item menu-item-type-post_type menu-item-object-page menu-item-2019\"><a href=\"https:\/\/cunhambebe.org.br\/site\/galeria\/\" class=\"elementor-item\" tabindex=\"-1\">Galeria<\/a><\/li>\n<li class=\"menu-item menu-item-type-post_type menu-item-object-page menu-item-1883\"><a href=\"https:\/\/cunhambebe.org.br\/site\/imprensa\/\" class=\"elementor-item\" tabindex=\"-1\">Imprensa<\/a><\/li>\n<li class=\"menu-item menu-item-type-post_type menu-item-object-page menu-item-1079\"><a href=\"https:\/\/cunhambebe.org.br\/site\/time\/\" class=\"elementor-item\" tabindex=\"-1\">Time<\/a><\/li>\n<li class=\"menu-item menu-item-type-post_type menu-item-object-page menu-item-1078\"><a href=\"https:\/\/cunhambebe.org.br\/site\/publicacoes\/\" class=\"elementor-item\" tabindex=\"-1\">Publica\u00e7\u00f5es<\/a><\/li>\n<li class=\"menu-item menu-item-type-post_type menu-item-object-page menu-item-1082\"><a href=\"https:\/\/cunhambebe.org.br\/site\/atuacao\/\" class=\"elementor-item\" tabindex=\"-1\">Atua\u00e7\u00e3o<\/a><\/li>\n<li class=\"menu-item menu-item-type-post_type menu-item-object-page menu-item-1080\"><a href=\"https:\/\/cunhambebe.org.br\/site\/cunhambebe\/\" class=\"elementor-item\" tabindex=\"-1\">Cunhambebe<\/a><\/li>\n<li class=\"menu-item menu-item-type-post_type menu-item-object-page menu-item-2075\"><a href=\"https:\/\/cunhambebe.org.br\/site\/comunidades-tradicionais\/\" class=\"elementor-item\" tabindex=\"-1\">Comunidades tradicionais<\/a><\/li>\n<\/ul>\t\t\t<\/nav>\n\t\t\t\t<\/div>\n\t\t\t\t<\/div>\n\t\t\t\t<div class=\"elementor-element elementor-element-3c29d154 elementor-widget elementor-widget-image\" data-id=\"3c29d154\" data-element_type=\"widget\" data-widget_type=\"image.default\">\n\t\t\t\t<div class=\"elementor-widget-container\">\n\t\t\t<style>\/*! elementor - v3.6.1 - 23-03-2022 *\/\n.elementor-widget-image{text-align:center}.elementor-widget-image a{display:inline-block}.elementor-widget-image a img[src$=\".svg\"]{width:48px}.elementor-widget-image img{vertical-align:middle;display:inline-block}<\/style>\t\t\t\t\t\t\t\t\t\t\t\t\t<a href=\"https:\/\/cunhambebe.org.br\/\">\n\t\t\t\t\t\t\t<img width=\"150\" height=\"150\" src=\"https:\/\/cunhambebe.org.br\/site\/wp-content\/uploads\/2022\/04\/Logo400-150x150.png\" class=\"attachment-thumbnail size-thumbnail\" alt=\"\" srcset=\"https:\/\/cunhambebe.org.br\/site\/wp-content\/uploads\/2022\/04\/Logo400-150x150.png 150w, https:\/\/cunhambebe.org.br\/site\/wp-content\/uploads\/2022\/04\/Logo400-300x300.png 300w, https:\/\/cunhambebe.org.br\/site\/wp-content\/uploads\/2022\/04\/Logo400.png 400w\" sizes=\"(max-width: 150px) 100vw, 150px\" \/>\t\t\t\t\t\t\t\t<\/a>\n\t\t\t\t\t\t\t\t\t\t\t\t\t\t\t<\/div>\n\t\t\t\t<\/div>\n\t\t\t\t\t<\/div>\n\t\t<\/div>\n\t\t\t\t<div class=\"elementor-column elementor-col-50 elementor-inner-column elementor-element elementor-element-18eb12df\" data-id=\"18eb12df\" data-element_type=\"column\">\n\t\t\t<div class=\"elementor-widget-wrap elementor-element-populated\">\n\t\t\t\t\t\t\t\t<div class=\"elementor-element elementor-element-3b5d11c4 elementor-nav-menu__align-center elementor-nav-menu__text-align-center elementor-hidden-tablet elementor-hidden-mobile elementor-nav-menu--dropdown-tablet elementor-widget elementor-widget-nav-menu\" data-id=\"3b5d11c4\" data-element_type=\"widget\" data-settings=\"{&quot;layout&quot;:&quot;horizontal&quot;,&quot;submenu_icon&quot;:{&quot;value&quot;:&quot;&lt;i class=\\&quot;fas fa-caret-down\\&quot;&gt;&lt;\\\/i&gt;&quot;,&quot;library&quot;:&quot;fa-solid&quot;}}\" data-widget_type=\"nav-menu.default\">\n\t\t\t\t<div class=\"elementor-widget-container\">\n\t\t\t\t\t\t<nav migration_allowed=\"1\" migrated=\"0\" role=\"navigation\" class=\"elementor-nav-menu--main elementor-nav-menu__container elementor-nav-menu--layout-horizontal e--pointer-none\">\n\t\t\t\t<ul id=\"menu-1-3b5d11c4\" class=\"elementor-nav-menu\"><li class=\"menu-item menu-item-type-post_type menu-item-object-page menu-item-1083\"><a href=\"https:\/\/cunhambebe.org.br\/site\/projetos\/\" class=\"elementor-item\">Projetos<\/a><\/li>\n<li class=\"menu-item menu-item-type-post_type menu-item-object-page menu-item-1631\"><a href=\"https:\/\/cunhambebe.org.br\/site\/datas\/\" class=\"elementor-item\">Datas<\/a><\/li>\n<li class=\"menu-item menu-item-type-post_type menu-item-object-page menu-item-1568\"><a href=\"https:\/\/cunhambebe.org.br\/site\/webinar-2\/\" class=\"elementor-item\">Webinar<\/a><\/li>\n<li class=\"menu-item menu-item-type-post_type menu-item-object-page menu-item-1081\"><a href=\"https:\/\/cunhambebe.org.br\/site\/gbf-2030\/\" class=\"elementor-item\">WBio2022<\/a><\/li>\n<li class=\"menu-item menu-item-type-post_type menu-item-object-page menu-item-2019\"><a href=\"https:\/\/cunhambebe.org.br\/site\/galeria\/\" class=\"elementor-item\">Galeria<\/a><\/li>\n<li class=\"menu-item menu-item-type-post_type menu-item-object-page menu-item-1883\"><a href=\"https:\/\/cunhambebe.org.br\/site\/imprensa\/\" class=\"elementor-item\">Imprensa<\/a><\/li>\n<li class=\"menu-item menu-item-type-post_type menu-item-object-page menu-item-1079\"><a href=\"https:\/\/cunhambebe.org.br\/site\/time\/\" class=\"elementor-item\">Time<\/a><\/li>\n<li class=\"menu-item menu-item-type-post_type menu-item-object-page menu-item-1078\"><a href=\"https:\/\/cunhambebe.org.br\/site\/publicacoes\/\" class=\"elementor-item\">Publica\u00e7\u00f5es<\/a><\/li>\n<li class=\"menu-item menu-item-type-post_type menu-item-object-page menu-item-1082\"><a href=\"https:\/\/cunhambebe.org.br\/site\/atuacao\/\" class=\"elementor-item\">Atua\u00e7\u00e3o<\/a><\/li>\n<li class=\"menu-item menu-item-type-post_type menu-item-object-page menu-item-1080\"><a href=\"https:\/\/cunhambebe.org.br\/site\/cunhambebe\/\" class=\"elementor-item\">Cunhambebe<\/a><\/li>\n<li class=\"menu-item menu-item-type-post_type menu-item-object-page menu-item-2075\"><a href=\"https:\/\/cunhambebe.org.br\/site\/comunidades-tradicionais\/\" class=\"elementor-item\">Comunidades tradicionais<\/a><\/li>\n<\/ul>\t\t\t<\/nav>\n\t\t\t\t\t<div class=\"elementor-menu-toggle\" role=\"button\" tabindex=\"0\" aria-label=\"Menu Toggle\" aria-expanded=\"false\">\n\t\t\t<i aria-hidden=\"true\" role=\"presentation\" class=\"elementor-menu-toggle__icon--open eicon-menu-bar\"><\/i><i aria-hidden=\"true\" role=\"presentation\" class=\"elementor-menu-toggle__icon--close eicon-close\"><\/i>\t\t\t<span class=\"elementor-screen-only\">Menu<\/span>\n\t\t<\/div>\n\t\t\t<nav class=\"elementor-nav-menu--dropdown elementor-nav-menu__container\" role=\"navigation\" aria-hidden=\"true\">\n\t\t\t\t<ul id=\"menu-2-3b5d11c4\" class=\"elementor-nav-menu\"><li class=\"menu-item menu-item-type-post_type menu-item-object-page menu-item-1083\"><a href=\"https:\/\/cunhambebe.org.br\/site\/projetos\/\" class=\"elementor-item\" tabindex=\"-1\">Projetos<\/a><\/li>\n<li class=\"menu-item menu-item-type-post_type menu-item-object-page menu-item-1631\"><a href=\"https:\/\/cunhambebe.org.br\/site\/datas\/\" class=\"elementor-item\" tabindex=\"-1\">Datas<\/a><\/li>\n<li class=\"menu-item menu-item-type-post_type menu-item-object-page menu-item-1568\"><a href=\"https:\/\/cunhambebe.org.br\/site\/webinar-2\/\" class=\"elementor-item\" tabindex=\"-1\">Webinar<\/a><\/li>\n<li class=\"menu-item menu-item-type-post_type menu-item-object-page menu-item-1081\"><a href=\"https:\/\/cunhambebe.org.br\/site\/gbf-2030\/\" class=\"elementor-item\" tabindex=\"-1\">WBio2022<\/a><\/li>\n<li class=\"menu-item menu-item-type-post_type menu-item-object-page menu-item-2019\"><a href=\"https:\/\/cunhambebe.org.br\/site\/galeria\/\" class=\"elementor-item\" tabindex=\"-1\">Galeria<\/a><\/li>\n<li class=\"menu-item menu-item-type-post_type menu-item-object-page menu-item-1883\"><a href=\"https:\/\/cunhambebe.org.br\/site\/imprensa\/\" class=\"elementor-item\" tabindex=\"-1\">Imprensa<\/a><\/li>\n<li class=\"menu-item menu-item-type-post_type menu-item-object-page menu-item-1079\"><a href=\"https:\/\/cunhambebe.org.br\/site\/time\/\" class=\"elementor-item\" tabindex=\"-1\">Time<\/a><\/li>\n<li class=\"menu-item menu-item-type-post_type menu-item-object-page menu-item-1078\"><a href=\"https:\/\/cunhambebe.org.br\/site\/publicacoes\/\" class=\"elementor-item\" tabindex=\"-1\">Publica\u00e7\u00f5es<\/a><\/li>\n<li class=\"menu-item menu-item-type-post_type menu-item-object-page menu-item-1082\"><a href=\"https:\/\/cunhambebe.org.br\/site\/atuacao\/\" class=\"elementor-item\" tabindex=\"-1\">Atua\u00e7\u00e3o<\/a><\/li>\n<li class=\"menu-item menu-item-type-post_type menu-item-object-page menu-item-1080\"><a href=\"https:\/\/cunhambebe.org.br\/site\/cunhambebe\/\" class=\"elementor-item\" tabindex=\"-1\">Cunhambebe<\/a><\/li>\n<li class=\"menu-item menu-item-type-post_type menu-item-object-page menu-item-2075\"><a href=\"https:\/\/cunhambebe.org.br\/site\/comunidades-tradicionais\/\" class=\"elementor-item\" tabindex=\"-1\">Comunidades tradicionais<\/a><\/li>\n<\/ul>\t\t\t<\/nav>\n\t\t\t\t<\/div>\n\t\t\t\t<\/div>\n\t\t\t\t\t<\/div>\n\t\t<\/div>\n\t\t\t\t\t\t\t<\/div>\n\t\t<\/section>\n\t\t\t\t\t<\/div>\n\t\t<\/div>\n\t\t\t\t\t\t\t<\/div>\n\t\t<\/section>\n\t\t\t\t<section class=\"elementor-section elementor-top-section elementor-element elementor-element-1da3093b elementor-section-boxed elementor-section-height-default elementor-section-height-default\" data-id=\"1da3093b\" data-element_type=\"section\">\n\t\t\t\t\t\t<div class=\"elementor-container elementor-column-gap-default\">\n\t\t\t\t\t<div class=\"elementor-column elementor-col-100 elementor-top-column elementor-element elementor-element-30486fca\" data-id=\"30486fca\" data-element_type=\"column\">\n\t\t\t<div class=\"elementor-widget-wrap elementor-element-populated\">\n\t\t\t\t\t\t\t\t<div class=\"elementor-element elementor-element-169b323 elementor-arrows-position-inside elementor-pagination-position-outside elementor-widget elementor-widget-image-carousel\" data-id=\"169b323\" data-element_type=\"widget\" data-settings=\"{&quot;slides_to_show&quot;:&quot;1&quot;,&quot;navigation&quot;:&quot;both&quot;,&quot;autoplay&quot;:&quot;yes&quot;,&quot;pause_on_hover&quot;:&quot;yes&quot;,&quot;pause_on_interaction&quot;:&quot;yes&quot;,&quot;autoplay_speed&quot;:5000,&quot;infinite&quot;:&quot;yes&quot;,&quot;effect&quot;:&quot;slide&quot;,&quot;speed&quot;:500}\" data-widget_type=\"image-carousel.default\">\n\t\t\t\t<div class=\"elementor-widget-container\">\n\t\t\t<style>\/*! elementor - v3.6.1 - 23-03-2022 *\/\n.elementor-widget-image-carousel .swiper-container{position:static}.elementor-widget-image-carousel .swiper-container .swiper-slide figure{line-height:inherit}.elementor-widget-image-carousel .swiper-slide{text-align:center}.elementor-image-carousel-wrapper:not(.swiper-container-initialized) .swiper-slide{max-width:calc(100% \/ var(--e-image-carousel-slides-to-show, 3))}<\/style>\t\t<div class=\"elementor-image-carousel-wrapper swiper-container\" dir=\"ltr\">\n\t\t\t<div class=\"elementor-image-carousel swiper-wrapper\">\n\t\t\t\t\t\t\t\t<div class=\"swiper-slide\"><figure class=\"swiper-slide-inner\"><img class=\"swiper-slide-image\" src=\"https:\/\/cunhambebe.org.br\/site\/wp-content\/uploads\/2022\/04\/novo-mosaico5B_capa.jpg\" alt=\"novo mosaico5B_capa\" \/><\/figure><\/div>\t\t\t<\/div>\n\t\t\t\t\t<\/div>\n\t\t\t\t<\/div>\n\t\t\t\t<\/div>\n\t\t\t\t<div class=\"elementor-element elementor-element-1a4d919a elementor-widget elementor-widget-text-editor\" data-id=\"1a4d919a\" data-element_type=\"widget\" data-widget_type=\"text-editor.default\">\n\t\t\t\t<div class=\"elementor-widget-container\">\n\t\t\t<style>\/*! elementor - v3.6.1 - 23-03-2022 *\/\n.elementor-widget-text-editor.elementor-drop-cap-view-stacked .elementor-drop-cap{background-color:#818a91;color:#fff}.elementor-widget-text-editor.elementor-drop-cap-view-framed .elementor-drop-cap{color:#818a91;border:3px solid;background-color:transparent}.elementor-widget-text-editor:not(.elementor-drop-cap-view-default) .elementor-drop-cap{margin-top:8px}.elementor-widget-text-editor:not(.elementor-drop-cap-view-default) .elementor-drop-cap-letter{width:1em;height:1em}.elementor-widget-text-editor .elementor-drop-cap{float:left;text-align:center;line-height:1;font-size:50px}.elementor-widget-text-editor .elementor-drop-cap-letter{display:inline-block}<\/style>\t\t\t\t<p style=\"text-align: center;\"><a href=\"https:\/\/mapadeconflitos.ensp.fiocruz.br\/\" target=\"_blank\" rel=\"noopener\"><img class=\"alignnone wp-image-2068 size-full\" src=\"https:\/\/cunhambebe.org.br\/site\/wp-content\/uploads\/2022\/07\/Grupo-151.png\" alt=\"\" width=\"329\" height=\"194\" srcset=\"https:\/\/cunhambebe.org.br\/site\/wp-content\/uploads\/2022\/07\/Grupo-151.png 329w, https:\/\/cunhambebe.org.br\/site\/wp-content\/uploads\/2022\/07\/Grupo-151-300x177.png 300w\" sizes=\"(max-width: 329px) 100vw, 329px\" \/><\/a><\/p>\r\n<p style=\"text-align: center;\">\r\n<a href=\"https:\/\/mapadeconflitos.ensp.fiocruz.br\/\" target=\"_blank\" rel=\"noopener\">Clique aqui e confira<\/a><\/p>\t\t\t\t\t\t<\/div>\n\t\t\t\t<\/div>\n\t\t\t\t<div class=\"elementor-element elementor-element-965338c elementor-widget elementor-widget-text-editor\" data-id=\"965338c\" data-element_type=\"widget\" data-widget_type=\"text-editor.default\">\n\t\t\t\t<div class=\"elementor-widget-container\">\n\t\t\t\t\t\t\t<p><span style=\"color: var( --e-global-color-text ); font-family: var( --e-global-typography-text-font-family ), Sans-serif; font-weight: var( --e-global-typography-text-font-weight ); font-size: 1rem;\">Conhe\u00e7a o livro \u201c Funda\u00e7\u00e3o Anti -Ind\u00edgena: um retrato da Funai sob o governo Bolsonaro\u201d que acaba de ser publicado\u00a0<\/span><a style=\"font-family: var( --e-global-typography-text-font-family ), Sans-serif; font-weight: var( --e-global-typography-text-font-weight ); font-size: 1rem; background-color: #e8e8e8;\" href=\"https:\/\/cunhambebe.org.br\/site\/wp-content\/uploads\/2022\/07\/DOMeBRUNO-FUNDACAO-ANTI_INDIGENA.pdf\" target=\"_blank\" rel=\"noopener\">Baixar clique aqui<\/a><\/p><p>Olhem que espet\u00e1culo o v\u00eddeo \u201cSalve se a Selva ou n\u00e3o se salva o mundo\u201d produzido por muitos m\u00fasicos:<\/p><p><strong>De Arrepiar!!!<\/strong><br \/>Linda e emocionante m\u00fasica de Nando Reis com letra de Carlos Renn\u00f3. Cantada por Caetano Veloso, Gilberto Gil, Milton Nascimento, Gal Costa, Elza Soares, Camila Pitanga, Daniela Mercury, Maria Beth\u00e2nia, C\u00e9u, Iza, Preta Gil, Arnaldo Antunes, Chico C\u00e9sar e muitos outros artistas.<\/p><p>Vamos divulgar essa maravilha que reverencia a nossa t\u00e3o amea\u00e7ada floresta Amaz\u00f4nica <a href=\"https:\/\/youtu.be\/yE1PENHOpDQ\" target=\"_blank\" rel=\"noopener\">https:\/\/youtu.be\/yE1PENHOpDQ<\/a><\/p><p>Assistam! Os v\u00eddeos foram produzidos pela APIB, em 2020, em 9 cap\u00edtulos.\u00a0 A s\u00e9rie se chama MARAC\u00c1- Emerg\u00eancia Ind\u00edgena, e foi feita para denunciar o genoc\u00eddio ind\u00edgena.<\/p><p>Epis\u00f3dio 1 &#8211; Plano de Cura<\/p><p><a href=\"https:\/\/youtu.be\/9lARwM_0hkg\" target=\"_blank\" rel=\"noopener\">https:\/\/youtu.be\/9lARwM_0hkg<\/a><\/p><p>Epis\u00f3dio 2 &#8211; A m\u00e3e do Brasil \u00e9 ind\u00edgena<\/p><p><a href=\"https:\/\/youtu.be\/nWVvZ49sC74\" target=\"_blank\" rel=\"noopener\">https:\/\/youtu.be\/nWVvZ49sC74<\/a><\/p><p>Epis\u00f3dio 3 &#8211; Ancestralidade\u00a0\u00a0\u00a0\u00a0\u00a0\u00a0\u00a0\u00a0\u00a0\u00a0<\/p><p><a href=\"https:\/\/youtu.be\/7s1La749LSM\" target=\"_blank\" rel=\"noopener\">https:\/\/youtu.be\/7s1La749LSM<\/a>\u00a0<\/p><p>Epis\u00f3dio 4 &#8211; Antropoceno<\/p><p><a href=\"https:\/\/youtu.be\/JGm97_Z3Pvk\" target=\"_blank\" rel=\"noopener\">https:\/\/youtu.be\/JGm97_Z3Pvk<\/a><\/p><p>Epis\u00f3dio 5 &#8211; Genoc\u00eddio<\/p><p><a href=\"https:\/\/youtu.be\/i_BioJyaBe0\" target=\"_blank\" rel=\"noopener\">https:\/\/youtu.be\/i_BioJyaBe0<\/a>\u00a0<\/p><p>Epis\u00f3dio 6 &#8211; Sangue ind\u00edgena: nenhuma gota a mais.<\/p><p><a href=\"https:\/\/youtu.be\/HzfRaGIOM8o\" target=\"_blank\" rel=\"noopener\">https:\/\/youtu.be\/HzfRaGIOM8o<\/a>\u00a0<\/p><p>Epis\u00f3dio 7 &#8211; O grande aldeamento<\/p><p><a href=\"https:\/\/youtu.be\/dFrqNI--Aho\" target=\"_blank\" rel=\"noopener\">https:\/\/youtu.be\/dFrqNI&#8211;Aho<\/a><\/p><p>Mente Sit\u00eamica \u2013<\/p><p><a href=\"https:\/\/www.facebook.com\/profile.php?id=100071629344963\" target=\"_blank\" rel=\"noopener\">https:\/\/www.facebook.com\/profile.php?id=100071629344963<\/a><\/p>\t\t\t\t\t\t<\/div>\n\t\t\t\t<\/div>\n\t\t\t\t\t<\/div>\n\t\t<\/div>\n\t\t\t\t\t\t\t<\/div>\n\t\t<\/section>\n\t\t\t\t<section class=\"elementor-section elementor-top-section elementor-element elementor-element-5a7797a5 elementor-section-boxed elementor-section-height-default elementor-section-height-default\" data-id=\"5a7797a5\" data-element_type=\"section\" data-settings=\"{&quot;background_background&quot;:&quot;classic&quot;}\">\n\t\t\t\t\t\t<div class=\"elementor-container elementor-column-gap-default\">\n\t\t\t\t\t<div class=\"elementor-column elementor-col-100 elementor-top-column elementor-element elementor-element-59f1633b\" data-id=\"59f1633b\" data-element_type=\"column\">\n\t\t\t<div class=\"elementor-widget-wrap elementor-element-populated\">\n\t\t\t\t\t\t\t\t<div class=\"elementor-element elementor-element-255ddac elementor-widget elementor-widget-text-editor\" data-id=\"255ddac\" data-element_type=\"widget\" data-widget_type=\"text-editor.default\">\n\t\t\t\t<div class=\"elementor-widget-container\">\n\t\t\t\t\t\t\t<p>Todos os direitos reservados ACIA &#8211; CNPJ 01.697.996\/0001-07<\/p>\t\t\t\t\t\t<\/div>\n\t\t\t\t<\/div>\n\t\t\t\t\t<\/div>\n\t\t<\/div>\n\t\t\t\t\t\t\t<\/div>\n\t\t<\/section>\n\t\t\t\t\t\t\t<\/div>\n\t\t","protected":false},"excerpt":{"rendered":"<p>Clique aqui e confira Conhe\u00e7a o livro \u201c Funda\u00e7\u00e3o Anti -Ind\u00edgena: um retrato da Funai sob o governo Bolsonaro\u201d que acaba de ser publicado\u00a0Baixar clique aqui Olhem que espet\u00e1culo o v\u00eddeo \u201cSalve se a Selva ou n\u00e3o se salva o mundo\u201d produzido por muitos m\u00fasicos: De Arrepiar!!!Linda e emocionante m\u00fasica de Nando Reis com letra [&hellip;]<\/p>\n","protected":false},"author":1,"featured_media":0,"parent":0,"menu_order":0,"comment_status":"closed","ping_status":"closed","template":"elementor_canvas","meta":[],"_links":{"self":[{"href":"https:\/\/cunhambebe.org.br\/site\/wp-json\/wp\/v2\/pages\/2066"}],"collection":[{"href":"https:\/\/cunhambebe.org.br\/site\/wp-json\/wp\/v2\/pages"}],"about":[{"href":"https:\/\/cunhambebe.org.br\/site\/wp-json\/wp\/v2\/types\/page"}],"author":[{"embeddable":true,"href":"https:\/\/cunhambebe.org.br\/site\/wp-json\/wp\/v2\/users\/1"}],"replies":[{"embeddable":true,"href":"https:\/\/cunhambebe.org.br\/site\/wp-json\/wp\/v2\/comments?post=2066"}],"version-history":[{"count":21,"href":"https:\/\/cunhambebe.org.br\/site\/wp-json\/wp\/v2\/pages\/2066\/revisions"}],"predecessor-version":[{"id":2156,"href":"https:\/\/cunhambebe.org.br\/site\/wp-json\/wp\/v2\/pages\/2066\/revisions\/2156"}],"wp:attachment":[{"href":"https:\/\/cunhambebe.org.br\/site\/wp-json\/wp\/v2\/media?parent=2066"}],"curies":[{"name":"wp","href":"https:\/\/api.w.org\/{rel}","templated":true}]}}