{"id":189,"date":"2022-04-18T14:08:20","date_gmt":"2022-04-18T14:08:20","guid":{"rendered":"https:\/\/cunhambebe.org.br\/site\/?page_id=189"},"modified":"2022-04-29T18:40:07","modified_gmt":"2022-04-29T18:40:07","slug":"atuacao","status":"publish","type":"page","link":"https:\/\/cunhambebe.org.br\/site\/atuacao\/","title":{"rendered":"Atua\u00e7\u00e3o"},"content":{"rendered":"\t\t<div data-elementor-type=\"wp-page\" data-elementor-id=\"189\" class=\"elementor elementor-189\">\n\t\t\t\t\t\t\t\t\t<section class=\"elementor-section elementor-top-section elementor-element elementor-element-427edb9 elementor-section-full_width elementor-section-height-default elementor-section-height-default\" data-id=\"427edb9\" data-element_type=\"section\" data-settings=\"{&quot;background_background&quot;:&quot;classic&quot;}\">\n\t\t\t\t\t\t<div class=\"elementor-container elementor-column-gap-no\">\n\t\t\t\t\t<div class=\"elementor-column elementor-col-100 elementor-top-column elementor-element elementor-element-4e54bcd\" data-id=\"4e54bcd\" data-element_type=\"column\">\n\t\t\t<div class=\"elementor-widget-wrap elementor-element-populated\">\n\t\t\t\t\t\t\t\t<section class=\"elementor-section elementor-inner-section elementor-element elementor-element-df5779a elementor-section-boxed elementor-section-height-default elementor-section-height-default\" data-id=\"df5779a\" data-element_type=\"section\">\n\t\t\t\t\t\t<div class=\"elementor-container elementor-column-gap-default\">\n\t\t\t\t\t<div class=\"elementor-column elementor-col-50 elementor-inner-column elementor-element elementor-element-74683dc\" data-id=\"74683dc\" data-element_type=\"column\">\n\t\t\t<div class=\"elementor-widget-wrap elementor-element-populated\">\n\t\t\t\t\t\t\t\t<div class=\"elementor-element elementor-element-26df851 elementor-nav-menu__text-align-center elementor-hidden-desktop elementor-hidden-tablet elementor-nav-menu--toggle elementor-nav-menu--burger elementor-widget elementor-widget-nav-menu\" data-id=\"26df851\" data-element_type=\"widget\" data-settings=\"{&quot;layout&quot;:&quot;dropdown&quot;,&quot;submenu_icon&quot;:{&quot;value&quot;:&quot;&lt;i class=\\&quot;fas fa-caret-down\\&quot;&gt;&lt;\\\/i&gt;&quot;,&quot;library&quot;:&quot;fa-solid&quot;},&quot;toggle&quot;:&quot;burger&quot;}\" data-widget_type=\"nav-menu.default\">\n\t\t\t\t<div class=\"elementor-widget-container\">\n\t\t\t<link rel=\"stylesheet\" href=\"https:\/\/cunhambebe.org.br\/site\/wp-content\/plugins\/elementor-pro\/assets\/css\/widget-nav-menu.min.css\">\t\t<div class=\"elementor-menu-toggle\" role=\"button\" tabindex=\"0\" aria-label=\"Menu Toggle\" aria-expanded=\"false\">\n\t\t\t<i aria-hidden=\"true\" role=\"presentation\" class=\"elementor-menu-toggle__icon--open eicon-menu-bar\"><\/i><i aria-hidden=\"true\" role=\"presentation\" class=\"elementor-menu-toggle__icon--close eicon-close\"><\/i>\t\t\t<span class=\"elementor-screen-only\">Menu<\/span>\n\t\t<\/div>\n\t\t\t<nav class=\"elementor-nav-menu--dropdown elementor-nav-menu__container\" role=\"navigation\" aria-hidden=\"true\">\n\t\t\t\t<ul id=\"menu-2-26df851\" class=\"elementor-nav-menu\"><li class=\"menu-item menu-item-type-post_type menu-item-object-page menu-item-1083\"><a href=\"https:\/\/cunhambebe.org.br\/site\/projetos\/\" class=\"elementor-item\" tabindex=\"-1\">Projetos<\/a><\/li>\n<li class=\"menu-item menu-item-type-post_type menu-item-object-page menu-item-1631\"><a href=\"https:\/\/cunhambebe.org.br\/site\/datas\/\" class=\"elementor-item\" tabindex=\"-1\">Datas<\/a><\/li>\n<li class=\"menu-item menu-item-type-post_type menu-item-object-page menu-item-1568\"><a href=\"https:\/\/cunhambebe.org.br\/site\/webinar-2\/\" class=\"elementor-item\" tabindex=\"-1\">Webinar<\/a><\/li>\n<li class=\"menu-item menu-item-type-post_type menu-item-object-page menu-item-1081\"><a href=\"https:\/\/cunhambebe.org.br\/site\/gbf-2030\/\" class=\"elementor-item\" tabindex=\"-1\">WBio2022<\/a><\/li>\n<li class=\"menu-item menu-item-type-post_type menu-item-object-page menu-item-2019\"><a href=\"https:\/\/cunhambebe.org.br\/site\/galeria\/\" class=\"elementor-item\" tabindex=\"-1\">Galeria<\/a><\/li>\n<li class=\"menu-item menu-item-type-post_type menu-item-object-page menu-item-1883\"><a href=\"https:\/\/cunhambebe.org.br\/site\/imprensa\/\" class=\"elementor-item\" tabindex=\"-1\">Imprensa<\/a><\/li>\n<li class=\"menu-item menu-item-type-post_type menu-item-object-page menu-item-1079\"><a href=\"https:\/\/cunhambebe.org.br\/site\/time\/\" class=\"elementor-item\" tabindex=\"-1\">Time<\/a><\/li>\n<li class=\"menu-item menu-item-type-post_type menu-item-object-page menu-item-1078\"><a href=\"https:\/\/cunhambebe.org.br\/site\/publicacoes\/\" class=\"elementor-item\" tabindex=\"-1\">Publica\u00e7\u00f5es<\/a><\/li>\n<li class=\"menu-item menu-item-type-post_type menu-item-object-page menu-item-1082\"><a href=\"https:\/\/cunhambebe.org.br\/site\/atuacao\/\" class=\"elementor-item\" tabindex=\"-1\">Atua\u00e7\u00e3o<\/a><\/li>\n<li class=\"menu-item menu-item-type-post_type menu-item-object-page menu-item-1080\"><a href=\"https:\/\/cunhambebe.org.br\/site\/cunhambebe\/\" class=\"elementor-item\" tabindex=\"-1\">Cunhambebe<\/a><\/li>\n<li class=\"menu-item menu-item-type-post_type menu-item-object-page menu-item-2075\"><a href=\"https:\/\/cunhambebe.org.br\/site\/comunidades-tradicionais\/\" class=\"elementor-item\" tabindex=\"-1\">Comunidades tradicionais<\/a><\/li>\n<\/ul>\t\t\t<\/nav>\n\t\t\t\t<\/div>\n\t\t\t\t<\/div>\n\t\t\t\t<div class=\"elementor-element elementor-element-d058650 elementor-widget elementor-widget-image\" data-id=\"d058650\" data-element_type=\"widget\" data-widget_type=\"image.default\">\n\t\t\t\t<div class=\"elementor-widget-container\">\n\t\t\t<style>\/*! elementor - v3.6.1 - 23-03-2022 *\/\n.elementor-widget-image{text-align:center}.elementor-widget-image a{display:inline-block}.elementor-widget-image a img[src$=\".svg\"]{width:48px}.elementor-widget-image img{vertical-align:middle;display:inline-block}<\/style>\t\t\t\t\t\t\t\t\t\t\t\t\t<a href=\"https:\/\/cunhambebe.org.br\/\">\n\t\t\t\t\t\t\t<img width=\"150\" height=\"150\" src=\"https:\/\/cunhambebe.org.br\/site\/wp-content\/uploads\/2022\/04\/Logo400-150x150.png\" class=\"attachment-thumbnail size-thumbnail\" alt=\"\" srcset=\"https:\/\/cunhambebe.org.br\/site\/wp-content\/uploads\/2022\/04\/Logo400-150x150.png 150w, https:\/\/cunhambebe.org.br\/site\/wp-content\/uploads\/2022\/04\/Logo400-300x300.png 300w, https:\/\/cunhambebe.org.br\/site\/wp-content\/uploads\/2022\/04\/Logo400.png 400w\" sizes=\"(max-width: 150px) 100vw, 150px\" \/>\t\t\t\t\t\t\t\t<\/a>\n\t\t\t\t\t\t\t\t\t\t\t\t\t\t\t<\/div>\n\t\t\t\t<\/div>\n\t\t\t\t\t<\/div>\n\t\t<\/div>\n\t\t\t\t<div class=\"elementor-column elementor-col-50 elementor-inner-column elementor-element elementor-element-69abd15\" data-id=\"69abd15\" data-element_type=\"column\">\n\t\t\t<div class=\"elementor-widget-wrap elementor-element-populated\">\n\t\t\t\t\t\t\t\t<div class=\"elementor-element elementor-element-f7838f1 elementor-nav-menu__align-center elementor-nav-menu__text-align-center elementor-hidden-tablet elementor-hidden-mobile elementor-nav-menu--dropdown-tablet elementor-widget elementor-widget-nav-menu\" data-id=\"f7838f1\" data-element_type=\"widget\" data-settings=\"{&quot;layout&quot;:&quot;horizontal&quot;,&quot;submenu_icon&quot;:{&quot;value&quot;:&quot;&lt;i class=\\&quot;fas fa-caret-down\\&quot;&gt;&lt;\\\/i&gt;&quot;,&quot;library&quot;:&quot;fa-solid&quot;}}\" data-widget_type=\"nav-menu.default\">\n\t\t\t\t<div class=\"elementor-widget-container\">\n\t\t\t\t\t\t<nav migration_allowed=\"1\" migrated=\"0\" role=\"navigation\" class=\"elementor-nav-menu--main elementor-nav-menu__container elementor-nav-menu--layout-horizontal e--pointer-underline e--animation-fade\">\n\t\t\t\t<ul id=\"menu-1-f7838f1\" class=\"elementor-nav-menu\"><li class=\"menu-item menu-item-type-post_type menu-item-object-page menu-item-1083\"><a href=\"https:\/\/cunhambebe.org.br\/site\/projetos\/\" class=\"elementor-item\">Projetos<\/a><\/li>\n<li class=\"menu-item menu-item-type-post_type menu-item-object-page menu-item-1631\"><a href=\"https:\/\/cunhambebe.org.br\/site\/datas\/\" class=\"elementor-item\">Datas<\/a><\/li>\n<li class=\"menu-item menu-item-type-post_type menu-item-object-page menu-item-1568\"><a href=\"https:\/\/cunhambebe.org.br\/site\/webinar-2\/\" class=\"elementor-item\">Webinar<\/a><\/li>\n<li class=\"menu-item menu-item-type-post_type menu-item-object-page menu-item-1081\"><a href=\"https:\/\/cunhambebe.org.br\/site\/gbf-2030\/\" class=\"elementor-item\">WBio2022<\/a><\/li>\n<li class=\"menu-item menu-item-type-post_type menu-item-object-page menu-item-2019\"><a href=\"https:\/\/cunhambebe.org.br\/site\/galeria\/\" class=\"elementor-item\">Galeria<\/a><\/li>\n<li class=\"menu-item menu-item-type-post_type menu-item-object-page menu-item-1883\"><a href=\"https:\/\/cunhambebe.org.br\/site\/imprensa\/\" class=\"elementor-item\">Imprensa<\/a><\/li>\n<li class=\"menu-item menu-item-type-post_type menu-item-object-page menu-item-1079\"><a href=\"https:\/\/cunhambebe.org.br\/site\/time\/\" class=\"elementor-item\">Time<\/a><\/li>\n<li class=\"menu-item menu-item-type-post_type menu-item-object-page menu-item-1078\"><a href=\"https:\/\/cunhambebe.org.br\/site\/publicacoes\/\" class=\"elementor-item\">Publica\u00e7\u00f5es<\/a><\/li>\n<li class=\"menu-item menu-item-type-post_type menu-item-object-page menu-item-1082\"><a href=\"https:\/\/cunhambebe.org.br\/site\/atuacao\/\" class=\"elementor-item\">Atua\u00e7\u00e3o<\/a><\/li>\n<li class=\"menu-item menu-item-type-post_type menu-item-object-page menu-item-1080\"><a href=\"https:\/\/cunhambebe.org.br\/site\/cunhambebe\/\" class=\"elementor-item\">Cunhambebe<\/a><\/li>\n<li class=\"menu-item menu-item-type-post_type menu-item-object-page menu-item-2075\"><a href=\"https:\/\/cunhambebe.org.br\/site\/comunidades-tradicionais\/\" class=\"elementor-item\">Comunidades tradicionais<\/a><\/li>\n<\/ul>\t\t\t<\/nav>\n\t\t\t\t\t<div class=\"elementor-menu-toggle\" role=\"button\" tabindex=\"0\" aria-label=\"Menu Toggle\" aria-expanded=\"false\">\n\t\t\t<i aria-hidden=\"true\" role=\"presentation\" class=\"elementor-menu-toggle__icon--open eicon-menu-bar\"><\/i><i aria-hidden=\"true\" role=\"presentation\" class=\"elementor-menu-toggle__icon--close eicon-close\"><\/i>\t\t\t<span class=\"elementor-screen-only\">Menu<\/span>\n\t\t<\/div>\n\t\t\t<nav class=\"elementor-nav-menu--dropdown elementor-nav-menu__container\" role=\"navigation\" aria-hidden=\"true\">\n\t\t\t\t<ul id=\"menu-2-f7838f1\" class=\"elementor-nav-menu\"><li class=\"menu-item menu-item-type-post_type menu-item-object-page menu-item-1083\"><a href=\"https:\/\/cunhambebe.org.br\/site\/projetos\/\" class=\"elementor-item\" tabindex=\"-1\">Projetos<\/a><\/li>\n<li class=\"menu-item menu-item-type-post_type menu-item-object-page menu-item-1631\"><a href=\"https:\/\/cunhambebe.org.br\/site\/datas\/\" class=\"elementor-item\" tabindex=\"-1\">Datas<\/a><\/li>\n<li class=\"menu-item menu-item-type-post_type menu-item-object-page menu-item-1568\"><a href=\"https:\/\/cunhambebe.org.br\/site\/webinar-2\/\" class=\"elementor-item\" tabindex=\"-1\">Webinar<\/a><\/li>\n<li class=\"menu-item menu-item-type-post_type menu-item-object-page menu-item-1081\"><a href=\"https:\/\/cunhambebe.org.br\/site\/gbf-2030\/\" class=\"elementor-item\" tabindex=\"-1\">WBio2022<\/a><\/li>\n<li class=\"menu-item menu-item-type-post_type menu-item-object-page menu-item-2019\"><a href=\"https:\/\/cunhambebe.org.br\/site\/galeria\/\" class=\"elementor-item\" tabindex=\"-1\">Galeria<\/a><\/li>\n<li class=\"menu-item menu-item-type-post_type menu-item-object-page menu-item-1883\"><a href=\"https:\/\/cunhambebe.org.br\/site\/imprensa\/\" class=\"elementor-item\" tabindex=\"-1\">Imprensa<\/a><\/li>\n<li class=\"menu-item menu-item-type-post_type menu-item-object-page menu-item-1079\"><a href=\"https:\/\/cunhambebe.org.br\/site\/time\/\" class=\"elementor-item\" tabindex=\"-1\">Time<\/a><\/li>\n<li class=\"menu-item menu-item-type-post_type menu-item-object-page menu-item-1078\"><a href=\"https:\/\/cunhambebe.org.br\/site\/publicacoes\/\" class=\"elementor-item\" tabindex=\"-1\">Publica\u00e7\u00f5es<\/a><\/li>\n<li class=\"menu-item menu-item-type-post_type menu-item-object-page menu-item-1082\"><a href=\"https:\/\/cunhambebe.org.br\/site\/atuacao\/\" class=\"elementor-item\" tabindex=\"-1\">Atua\u00e7\u00e3o<\/a><\/li>\n<li class=\"menu-item menu-item-type-post_type menu-item-object-page menu-item-1080\"><a href=\"https:\/\/cunhambebe.org.br\/site\/cunhambebe\/\" class=\"elementor-item\" tabindex=\"-1\">Cunhambebe<\/a><\/li>\n<li class=\"menu-item menu-item-type-post_type menu-item-object-page menu-item-2075\"><a href=\"https:\/\/cunhambebe.org.br\/site\/comunidades-tradicionais\/\" class=\"elementor-item\" tabindex=\"-1\">Comunidades tradicionais<\/a><\/li>\n<\/ul>\t\t\t<\/nav>\n\t\t\t\t<\/div>\n\t\t\t\t<\/div>\n\t\t\t\t\t<\/div>\n\t\t<\/div>\n\t\t\t\t\t\t\t<\/div>\n\t\t<\/section>\n\t\t\t\t\t<\/div>\n\t\t<\/div>\n\t\t\t\t\t\t\t<\/div>\n\t\t<\/section>\n\t\t\t\t<section class=\"elementor-section elementor-top-section elementor-element elementor-element-1b90f4da elementor-section-full_width elementor-section-height-default elementor-section-height-default\" data-id=\"1b90f4da\" data-element_type=\"section\" data-settings=\"{&quot;background_background&quot;:&quot;classic&quot;}\">\n\t\t\t\t\t\t<div class=\"elementor-container elementor-column-gap-no\">\n\t\t\t\t\t<div class=\"elementor-column elementor-col-100 elementor-top-column elementor-element elementor-element-6f3d44b\" data-id=\"6f3d44b\" data-element_type=\"column\">\n\t\t\t<div class=\"elementor-widget-wrap elementor-element-populated\">\n\t\t\t\t\t\t\t\t<div class=\"elementor-element elementor-element-40a3e26d elementor-widget elementor-widget-image\" data-id=\"40a3e26d\" data-element_type=\"widget\" data-widget_type=\"image.default\">\n\t\t\t\t<div class=\"elementor-widget-container\">\n\t\t\t\t\t\t\t\t\t\t\t\t\t\t\t<img width=\"800\" height=\"450\" src=\"https:\/\/cunhambebe.org.br\/site\/wp-content\/uploads\/2022\/04\/novo-mosaico-4cS-1024x576.jpg\" class=\"attachment-large size-large\" alt=\"\" srcset=\"https:\/\/cunhambebe.org.br\/site\/wp-content\/uploads\/2022\/04\/novo-mosaico-4cS-1024x576.jpg 1024w, https:\/\/cunhambebe.org.br\/site\/wp-content\/uploads\/2022\/04\/novo-mosaico-4cS-300x169.jpg 300w, https:\/\/cunhambebe.org.br\/site\/wp-content\/uploads\/2022\/04\/novo-mosaico-4cS-768x432.jpg 768w, https:\/\/cunhambebe.org.br\/site\/wp-content\/uploads\/2022\/04\/novo-mosaico-4cS-1536x864.jpg 1536w, https:\/\/cunhambebe.org.br\/site\/wp-content\/uploads\/2022\/04\/novo-mosaico-4cS-2048x1152.jpg 2048w\" sizes=\"(max-width: 800px) 100vw, 800px\" \/>\t\t\t\t\t\t\t\t\t\t\t\t\t\t\t<\/div>\n\t\t\t\t<\/div>\n\t\t\t\t<div class=\"elementor-element elementor-element-b4782b1 elementor-widget elementor-widget-text-editor\" data-id=\"b4782b1\" data-element_type=\"widget\" data-widget_type=\"text-editor.default\">\n\t\t\t\t<div class=\"elementor-widget-container\">\n\t\t\t<style>\/*! elementor - v3.6.1 - 23-03-2022 *\/\n.elementor-widget-text-editor.elementor-drop-cap-view-stacked .elementor-drop-cap{background-color:#818a91;color:#fff}.elementor-widget-text-editor.elementor-drop-cap-view-framed .elementor-drop-cap{color:#818a91;border:3px solid;background-color:transparent}.elementor-widget-text-editor:not(.elementor-drop-cap-view-default) .elementor-drop-cap{margin-top:8px}.elementor-widget-text-editor:not(.elementor-drop-cap-view-default) .elementor-drop-cap-letter{width:1em;height:1em}.elementor-widget-text-editor .elementor-drop-cap{float:left;text-align:center;line-height:1;font-size:50px}.elementor-widget-text-editor .elementor-drop-cap-letter{display:inline-block}<\/style>\t\t\t\t<p><strong>A atua\u00e7\u00e3o local (Ubatuba)<\/strong><\/p><p>Com a implanta\u00e7\u00e3o da Rodovia Rio-Santos (d\u00e9cada de 70), se consolida a ocupa\u00e7\u00e3o da costa litor\u00e2nea, direcionando o crescimento urbano em dire\u00e7\u00e3o \u00e0s praias e demais ambientes costeiros. Este processo conduziu a ocupa\u00e7\u00e3o de \u00e1reas, antes ocupadas por comunidades tradicionais, por conta da valoriza\u00e7\u00e3o das terras e especula\u00e7\u00e3o imobili\u00e1ria, substituindo os usos tradicionais e suas comunidades por empreendimentos imobili\u00e1rios, empurrando os moradores locais para os \u201csert\u00f5es&#8221;.<\/p><p>Ubatuba \u00e9, notavelmente, um dos lugares de maior beleza c\u00eanica do mundo, e apesar do crescimento r\u00e1pido e desordenado do munic\u00edpio nas \u00faltimas d\u00e9cadas, ainda possui \u00e1reas de Mata Atl\u00e2ntica conservadas. A presen\u00e7a de Unidades de Conserva\u00e7\u00e3o e \u00e1reas protegidas no munic\u00edpio (aproximadamente 80% de seu territ\u00f3rio) tem contribu\u00eddo para minimizar os impactos causados pelo avan\u00e7o desordenado do espa\u00e7o urbano.<\/p><p>Suas praias, rios, montanhas, florestas, biodiversidade e comunidades tradicionais (\u00edndios, cai\u00e7aras e quilombolas), inspiram a\u00e7\u00f5es locais, regionais e globais criativas que permitam promover a conserva\u00e7\u00e3o ambiental, a qualidade de vida e o desenvolvimento local.<\/p><p>A ACIA vem atuando localmente, principalmente estabelecendo parcerias e\/ou desenvolvendo projetos, que tem como p\u00fablico-alvo as comunidades tradicionais, promovendo o ecoturismo como uma oportunidade de gera\u00e7\u00e3o de renda em parceria com as Unidades de Conserva\u00e7\u00e3o, e implantando saneamento b\u00e1sico em pequenos n\u00facleos de moradores tradicionais, em parceria com o Comit\u00ea de Bacias Hidrogr\u00e1ficas do Litoral Norte (CBH-LN). Tamb\u00e9m atua ativamente participando de Conselhos Municipais, Conselhos das Unidades de Conserva\u00e7\u00e3o (PESM-NP, APA Marinha e Ilha Anchieta), e Grupos de Trabalho espec\u00edficos, bem como faz parte do Colegiado de ONGS ambientalistas de Ubatuba-CEAU.<\/p><p><strong>A atua\u00e7\u00e3o regional (Litoral Norte de SP e Sul Fluminense)<\/strong><\/p><p>A ocupa\u00e7\u00e3o desordenada da regi\u00e3o do Litoral Norte de S\u00e3o Paulo, o turismo de 2\u00aa resid\u00eancia, a grande especula\u00e7\u00e3o imobili\u00e1ria, a falta (ou precariedade) de infraestrutura b\u00e1sica, a instabilidade das encostas e a conserva\u00e7\u00e3o da Mata Atl\u00e2ntica, s\u00e3o quest\u00f5es que h\u00e1 pelo menos 30 anos, est\u00e3o sendo discutidas e demandam planejamentos e a\u00e7\u00f5es dos v\u00e1rios atores p\u00fablicos, privados e sociedade civil.<\/p><p>Entretanto, est\u00e1 ocorrendo um novo ciclo que acarreta uma nova din\u00e2mica de transforma\u00e7\u00e3o socioespacial do Litoral Norte, e que tem sido impactada em grande parte pela implanta\u00e7\u00e3o recente, de grandes projetos de infraestrutura, dos governos estadual e nacional: a amplia\u00e7\u00e3o do Porto de S\u00e3o Sebasti\u00e3o, a duplica\u00e7\u00e3o da Rodovia dos Tamoios, e os investimentos realizados pela Petrobras na produ\u00e7\u00e3o e escoamento de petr\u00f3leo e g\u00e1s da Bacia de Santos.<\/p><p>A ACIA, al\u00e9m de estabelecer parcerias e desenvolver projetos regionais, prioritariamente na valoriza\u00e7\u00e3o das Unidades de Conserva\u00e7\u00e3o (costeiras e marinhas) e na promo\u00e7\u00e3o de modalidades do turismo que valorizem as pessoas que vivem na regi\u00e3o e a conserva\u00e7\u00e3o do bioma Mata Atl\u00e2ntica com foco no desenvolvimento sustent\u00e1vel, ainda discute e atua no repert\u00f3rio das pautas relacionadas ao contexto socioambiental do Litoral Norte, em v\u00e1rias instancias participativas tais como: Conselhos Regionais, F\u00f3runs de Dialogo, e Grupos de Trabalho. Al\u00e9m disso, \u00e9 membro integrante do ReaLNorte, colegiado de ONGS socio ambientalistas da Regi\u00e3o e faz parte do Conselho Nacional da Reserva da Biosfera da Mata Atl\u00e2ntica (RBMA).<\/p><p><strong>\u00a0<\/strong><strong>A atua\u00e7\u00e3o global<\/strong><\/p><p>A partir da ampla experi\u00eancia da ACIA com a\u00e7\u00f5es locais e regionais, unindo com atividades globais frente ao Programa MaB &#8211; UNESCO, por meio do Conselho Nacional da RBMA, priorizamos apoiar a implementa\u00e7\u00e3o do Marco Global de Biodiversidade at\u00e9 2030, da CDB &#8211; Conven\u00e7\u00e3o sobre Diversidade Biol\u00f3gica.<\/p><p>Neste sentido, sugeriu ao Secretariado da CDB a promo\u00e7\u00e3o de um debate visando a estrutura\u00e7\u00e3o de uma plataforma de governan\u00e7a de iniciativas locais e subnacionais, principalmente, que possam embasar um evento de lan\u00e7amento deste instrumento coletivo &#8211; seja em um evento espec\u00edfico (WBio2022), com v\u00e1rios parceiros, seja refor\u00e7ando a programa\u00e7\u00e3o paralela \u00e0 15\u00aa Edi\u00e7\u00e3o da Confer\u00eancia das Partes (COP15), Fase 2 (P2), prevista para ocorrer em agosto e setembro de 2022, em Kunming, Yunnan, China.<\/p>\t\t\t\t\t\t<\/div>\n\t\t\t\t<\/div>\n\t\t\t\t<div class=\"elementor-element elementor-element-7c30f50b elementor-widget elementor-widget-spacer\" data-id=\"7c30f50b\" data-element_type=\"widget\" data-widget_type=\"spacer.default\">\n\t\t\t\t<div class=\"elementor-widget-container\">\n\t\t\t<style>\/*! elementor - v3.6.1 - 23-03-2022 *\/\n.e-container.e-container--row .elementor-spacer-inner{width:var(--spacer-size)}.e-container.e-container--column .elementor-spacer-inner,.elementor-column .elementor-spacer-inner{height:var(--spacer-size)}<\/style>\t\t<div class=\"elementor-spacer\">\n\t\t\t<div class=\"elementor-spacer-inner\"><\/div>\n\t\t<\/div>\n\t\t\t\t<\/div>\n\t\t\t\t<\/div>\n\t\t\t\t\t<\/div>\n\t\t<\/div>\n\t\t\t\t\t\t\t<\/div>\n\t\t<\/section>\n\t\t\t\t<section class=\"elementor-section elementor-top-section elementor-element elementor-element-b10ec7b elementor-section-boxed elementor-section-height-default elementor-section-height-default\" data-id=\"b10ec7b\" data-element_type=\"section\" data-settings=\"{&quot;background_background&quot;:&quot;classic&quot;}\">\n\t\t\t\t\t\t<div class=\"elementor-container elementor-column-gap-default\">\n\t\t\t\t\t<div class=\"elementor-column elementor-col-100 elementor-top-column elementor-element elementor-element-40ba368\" data-id=\"40ba368\" data-element_type=\"column\">\n\t\t\t<div class=\"elementor-widget-wrap elementor-element-populated\">\n\t\t\t\t\t\t\t\t<div class=\"elementor-element elementor-element-37a0b78 elementor-widget elementor-widget-text-editor\" data-id=\"37a0b78\" data-element_type=\"widget\" data-widget_type=\"text-editor.default\">\n\t\t\t\t<div class=\"elementor-widget-container\">\n\t\t\t\t\t\t\t<p>Todos os direitos reservados ACIA &#8211; CNPJ 01.697.996\/0001-07<\/p>\t\t\t\t\t\t<\/div>\n\t\t\t\t<\/div>\n\t\t\t\t\t<\/div>\n\t\t<\/div>\n\t\t\t\t\t\t\t<\/div>\n\t\t<\/section>\n\t\t\t\t\t\t\t<\/div>\n\t\t","protected":false},"excerpt":{"rendered":"<p>A atua\u00e7\u00e3o local (Ubatuba) Com a implanta\u00e7\u00e3o da Rodovia Rio-Santos (d\u00e9cada de 70), se consolida a ocupa\u00e7\u00e3o da costa litor\u00e2nea, direcionando o crescimento urbano em dire\u00e7\u00e3o \u00e0s praias e demais ambientes costeiros. Este processo conduziu a ocupa\u00e7\u00e3o de \u00e1reas, antes ocupadas por comunidades tradicionais, por conta da valoriza\u00e7\u00e3o das terras e especula\u00e7\u00e3o imobili\u00e1ria, substituindo os [&hellip;]<\/p>\n","protected":false},"author":1,"featured_media":0,"parent":0,"menu_order":0,"comment_status":"closed","ping_status":"closed","template":"elementor_canvas","meta":[],"_links":{"self":[{"href":"https:\/\/cunhambebe.org.br\/site\/wp-json\/wp\/v2\/pages\/189"}],"collection":[{"href":"https:\/\/cunhambebe.org.br\/site\/wp-json\/wp\/v2\/pages"}],"about":[{"href":"https:\/\/cunhambebe.org.br\/site\/wp-json\/wp\/v2\/types\/page"}],"author":[{"embeddable":true,"href":"https:\/\/cunhambebe.org.br\/site\/wp-json\/wp\/v2\/users\/1"}],"replies":[{"embeddable":true,"href":"https:\/\/cunhambebe.org.br\/site\/wp-json\/wp\/v2\/comments?post=189"}],"version-history":[{"count":22,"href":"https:\/\/cunhambebe.org.br\/site\/wp-json\/wp\/v2\/pages\/189\/revisions"}],"predecessor-version":[{"id":1183,"href":"https:\/\/cunhambebe.org.br\/site\/wp-json\/wp\/v2\/pages\/189\/revisions\/1183"}],"wp:attachment":[{"href":"https:\/\/cunhambebe.org.br\/site\/wp-json\/wp\/v2\/media?parent=189"}],"curies":[{"name":"wp","href":"https:\/\/api.w.org\/{rel}","templated":true}]}}